{"id":51,"date":"2021-09-22T15:38:16","date_gmt":"2021-09-22T13:38:16","guid":{"rendered":"http:\/\/rl-conseils.com\/?page_id=51"},"modified":"2022-02-23T09:59:40","modified_gmt":"2022-02-23T08:59:40","slug":"contact","status":"publish","type":"page","link":"https:\/\/rl-conseils.com\/index.php\/contact\/","title":{"rendered":"Contact"},"content":{"rendered":"\t\t<div data-elementor-type=\"wp-page\" data-elementor-id=\"51\" class=\"elementor elementor-51\" data-elementor-settings=\"[]\">\n\t\t\t\t\t\t\t<div class=\"elementor-section-wrap\">\n\t\t\t\t\t\t\t<section class=\"elementor-section elementor-top-section elementor-element elementor-element-af99b9a elementor-section-boxed elementor-section-height-default elementor-section-height-default\" data-id=\"af99b9a\" data-element_type=\"section\">\n\t\t\t\t\t\t<div class=\"elementor-container elementor-column-gap-default\">\n\t\t\t\t\t<div class=\"elementor-column elementor-col-100 elementor-top-column elementor-element elementor-element-520739e\" data-id=\"520739e\" data-element_type=\"column\">\n\t\t\t<div class=\"elementor-widget-wrap elementor-element-populated\">\n\t\t\t\t\t\t\t\t<div class=\"elementor-element elementor-element-fc54d80 elementor-widget elementor-widget-heading\" data-id=\"fc54d80\" data-element_type=\"widget\" data-widget_type=\"heading.default\">\n\t\t\t\t<div class=\"elementor-widget-container\">\n\t\t\t<style>\/*! elementor - v3.5.5 - 03-02-2022 *\/\n.elementor-heading-title{padding:0;margin:0;line-height:1}.elementor-widget-heading .elementor-heading-title[class*=elementor-size-]>a{color:inherit;font-size:inherit;line-height:inherit}.elementor-widget-heading .elementor-heading-title.elementor-size-small{font-size:15px}.elementor-widget-heading .elementor-heading-title.elementor-size-medium{font-size:19px}.elementor-widget-heading .elementor-heading-title.elementor-size-large{font-size:29px}.elementor-widget-heading .elementor-heading-title.elementor-size-xl{font-size:39px}.elementor-widget-heading .elementor-heading-title.elementor-size-xxl{font-size:59px}<\/style><h2 class=\"elementor-heading-title elementor-size-default\">Posez nous vos questions<\/h2>\t\t<\/div>\n\t\t\t\t<\/div>\n\t\t\t\t\t<\/div>\n\t\t<\/div>\n\t\t\t\t\t\t\t<\/div>\n\t\t<\/section>\n\t\t\t\t<section class=\"elementor-section elementor-top-section elementor-element elementor-element-ac02d56 elementor-section-boxed elementor-section-height-default elementor-section-height-default\" data-id=\"ac02d56\" data-element_type=\"section\">\n\t\t\t\t\t\t<div class=\"elementor-container elementor-column-gap-default\">\n\t\t\t\t\t<div class=\"elementor-column elementor-col-100 elementor-top-column elementor-element elementor-element-ac9186b\" data-id=\"ac9186b\" data-element_type=\"column\">\n\t\t\t<div class=\"elementor-widget-wrap elementor-element-populated\">\n\t\t\t\t\t\t\t\t<div class=\"elementor-element elementor-element-cb6e5b9 elementor-widget elementor-widget-shortcode\" data-id=\"cb6e5b9\" data-element_type=\"widget\" data-widget_type=\"shortcode.default\">\n\t\t\t\t<div class=\"elementor-widget-container\">\n\t\t\t\t\t<div class=\"elementor-shortcode\"><div class=\"caldera-grid\" id=\"caldera_form_1\" data-cf-ver=\"1.9.6\" data-cf-form-id=\"CF615d92f3e0bc8\"><div id=\"caldera_notices_1\" data-spinner=\"https:\/\/rl-conseils.com\/wp-admin\/images\/spinner.gif\"><\/div><form data-instance=\"1\" class=\"CF615d92f3e0bc8 caldera_forms_form cfajax-trigger\" method=\"POST\" enctype=\"multipart\/form-data\" id=\"CF615d92f3e0bc8_1\" data-form-id=\"CF615d92f3e0bc8\" aria-label=\"Caldera 1\" data-target=\"#caldera_notices_1\" data-template=\"#cfajax_CF615d92f3e0bc8-tmpl\" data-cfajax=\"CF615d92f3e0bc8\" data-load-element=\"_parent\" data-load-class=\"cf_processing\" data-post-disable=\"0\" data-action=\"cf_process_ajax_submit\" data-request=\"https:\/\/rl-conseils.com\/cf-api\/CF615d92f3e0bc8\" data-hiderows=\"true\">\r\n<input type=\"hidden\" id=\"_cf_verify_CF615d92f3e0bc8\" name=\"_cf_verify\" value=\"0d1fa62769\"  data-nonce-time=\"1776518684\" \/><input type=\"hidden\" name=\"_wp_http_referer\" value=\"\/index.php\/wp-json\/wp\/v2\/pages\/51\" \/><div id=\"cf2-CF615d92f3e0bc8_1\"><\/div><input type=\"hidden\" name=\"_cf_frm_id\" value=\"CF615d92f3e0bc8\">\r\n<input type=\"hidden\" name=\"_cf_frm_ct\" value=\"1\">\r\n<input type=\"hidden\" name=\"cfajax\" value=\"CF615d92f3e0bc8\">\r\n<input type=\"hidden\" name=\"_cf_cr_pst\" value=\"51\">\r\n<div class=\"hide\" style=\"display:none; overflow:hidden;height:0;width:0;\">\r\n<label>E-mail<\/label><input type=\"text\" name=\"email\" value=\"\" autocomplete=\"off\">\r\n<\/div><div id=\"CF615d92f3e0bc8_1-row-1\"  class=\"row  first_row\"><div  class=\"col-sm-6  first_col\"><div data-field-wrapper=\"fld_8768091\" class=\"form-group\" id=\"fld_8768091_1-wrap\">\r\n\t<label id=\"fld_8768091Label\" for=\"fld_8768091_1\" class=\"control-label\">Pr\u00e9nom <span aria-hidden=\"true\" role=\"presentation\" class=\"field_required\" style=\"color:#ee0000;\">*<\/span><\/label>\r\n\t<div class=\"\">\r\n\t\t<input   required type=\"text\" data-field=\"fld_8768091\" class=\" form-control\" id=\"fld_8768091_1\" name=\"fld_8768091\" value=\"\" data-type=\"text\" aria-required=\"true\"   aria-labelledby=\"fld_8768091Label\" >\t\t\t<\/div>\r\n<\/div>\r\n<\/div><div  class=\"col-sm-6  last_col\"><div data-field-wrapper=\"fld_9970286\" class=\"form-group\" id=\"fld_9970286_1-wrap\">\r\n\t<label id=\"fld_9970286Label\" for=\"fld_9970286_1\" class=\"control-label\">Nom <span aria-hidden=\"true\" role=\"presentation\" class=\"field_required\" style=\"color:#ee0000;\">*<\/span><\/label>\r\n\t<div class=\"\">\r\n\t\t<input   required type=\"text\" data-field=\"fld_9970286\" class=\" form-control\" id=\"fld_9970286_1\" name=\"fld_9970286\" value=\"\" data-type=\"text\" aria-required=\"true\"   aria-labelledby=\"fld_9970286Label\" >\t\t\t<\/div>\r\n<\/div>\r\n<\/div><\/div><div id=\"CF615d92f3e0bc8_1-row-2\"  class=\"row \"><div  class=\"col-sm-12  single\"><div data-field-wrapper=\"fld_6009157\" class=\"form-group\" id=\"fld_6009157_1-wrap\">\r\n\t<label id=\"fld_6009157Label\" for=\"fld_6009157_1\" class=\"control-label\">Mail <span aria-hidden=\"true\" role=\"presentation\" class=\"field_required\" style=\"color:#ee0000;\">*<\/span><\/label>\r\n\t<div class=\"\">\r\n\t\t<input   required type=\"email\" data-field=\"fld_6009157\" class=\" form-control\" id=\"fld_6009157_1\" name=\"fld_6009157\" value=\"\" data-type=\"email\" aria-required=\"true\"   aria-labelledby=\"fld_6009157Label\" >\t\t\t<\/div>\r\n<\/div>\r\n<div data-field-wrapper=\"fld_9757986\" class=\"form-group\" id=\"fld_9757986_1-wrap\">\r\n\t<label id=\"fld_9757986Label\" for=\"fld_9757986_1\" class=\"control-label\">Votre t\u00e9l\u00e9phone <span aria-hidden=\"true\" role=\"presentation\" class=\"field_required\" style=\"color:#ee0000;\">*<\/span><\/label>\r\n\t<div class=\"\">\r\n\t\t<input   required type=\"number\" data-field=\"fld_9757986\" class=\" form-control\" id=\"fld_9757986_1\" name=\"fld_9757986\" value=\"\" data-type=\"number\" data-parsley-type=\"number\" aria-required=\"true\"   aria-labelledby=\"fld_9757986Label\" >\t\t\t<\/div>\r\n<\/div>\r\n<div class=\"\"><h2>Comment pouvons-nous vous aider ?<\/h2>\n<p>N\u2019h\u00e9sitez pas \u00e0 poser une question ou \u00e0 simplement laisser un commentaire.<\/p>\n<hr>\n<\/div><div data-field-wrapper=\"fld_4439848\" class=\"form-group\" id=\"fld_4439848_1-wrap\">\r\n\t<label id=\"fld_4439848Label\" for=\"fld_4439848_1\" class=\"control-label\">Je souhaite des informations <span aria-hidden=\"true\" role=\"presentation\" class=\"field_required\" style=\"color:#ee0000;\">*<\/span><\/label>\r\n\t<div class=\"\">\r\n\t\t\t\t\t\t\t\t\t\t\t<div class=\"checkbox\">\n\t\t\t\t\n                <label                         for=\"fld_4439848_1_opt1481524\"\n                >\n                            <input\n                                data-parsley-required=\"true\" data-parsley-group=\"fld_4439848_1\" data-parsley-multiple=\"fld_4439848_1\"                                type=\"checkbox\"\n                                data-label=\"Pompe \u00e0 chaleur\"\n                                data-field=\"fld_4439848\"\n                                id=\"fld_4439848_1_opt1481524\"\n                                class=\"fld_4439848_1 option-required\"\n                                name=\"fld_4439848[opt1481524]\"\n                                value=\"Pompe \u00e0 chaleur\"\n                                                                data-type=\"checkbox\"\n                                data-checkbox-field=\"fld_4439848_1\"\n                                                                data-calc-value=\"Pompe \u00e0 chaleur\"\n                            >\n                    Pompe \u00e0 chaleur                <\/label>\n\n                \t\t\t\t\t<\/div>\n\t\t\t\t\t\t\t\t\t\t\t\t\t\t\t\t\t<div class=\"checkbox\">\n\t\t\t\t\n                <label                         for=\"fld_4439848_1_opt1531828\"\n                >\n                            <input\n                                data-parsley-required=\"true\" data-parsley-group=\"fld_4439848_1\" data-parsley-multiple=\"fld_4439848_1\"                                type=\"checkbox\"\n                                data-label=\"Panneau solaire\"\n                                data-field=\"fld_4439848\"\n                                id=\"fld_4439848_1_opt1531828\"\n                                class=\"fld_4439848_1 option-required\"\n                                name=\"fld_4439848[opt1531828]\"\n                                value=\"Panneau solaire\"\n                                                                data-type=\"checkbox\"\n                                data-checkbox-field=\"fld_4439848_1\"\n                                                                data-calc-value=\"Panneau solaire\"\n                            >\n                    Panneau solaire                <\/label>\n\n                \t\t\t\t\t<\/div>\n\t\t\t\t\t\t\t\t\t\t\t<\/div>\r\n<\/div>\r\n<\/div><\/div><div id=\"CF615d92f3e0bc8_1-row-3\"  class=\"row \"><div  class=\"col-sm-12  single\"><div data-field-wrapper=\"fld_7683514\" class=\"form-group\" id=\"fld_7683514_1-wrap\">\r\n\t<label id=\"fld_7683514Label\" for=\"fld_7683514_1\" class=\"control-label\">Dites-nous tout <span aria-hidden=\"true\" role=\"presentation\" class=\"field_required\" style=\"color:#ee0000;\">*<\/span><\/label>\r\n\t<div class=\"\">\r\n\t\t<textarea name=\"fld_7683514\" value=\"\" data-field=\"fld_7683514\" class=\"form-control\" id=\"fld_7683514_1\" rows=\"7\"  required=\"required\"  aria-labelledby=\"fld_7683514Label\" ><\/textarea>\n\t\t\t<\/div>\r\n<\/div>\r\n<\/div><\/div><div id=\"CF615d92f3e0bc8_1-row-4\"  class=\"row  last_row\"><div  class=\"col-sm-12  single\"><div data-field-wrapper=\"fld_4317058\" class=\"form-group\" id=\"fld_4317058_1-wrap\">\r\n<div class=\"\">\r\n\t<input  class=\"btn btn-default\" type=\"submit\" name=\"fld_4317058\" id=\"fld_4317058_1\" value=\"C&#039;est parti\" data-field=\"fld_4317058\"  >\n<\/div>\r\n<\/div>\r\n\t<input class=\"button_trigger_1\" type=\"hidden\" name=\"fld_4317058\" id=\"fld_4317058_1_btn\" value=\"\" data-field=\"fld_4317058\"  \/>\n<\/div><\/div><\/form>\r\n<\/div>\r\n<\/div>\n\t\t\t\t<\/div>\n\t\t\t\t<\/div>\n\t\t\t\t\t<\/div>\n\t\t<\/div>\n\t\t\t\t\t\t\t<\/div>\n\t\t<\/section>\n\t\t\t\t\t\t<\/div>\n\t\t\t\t\t<\/div>\n\t\t","protected":false},"excerpt":{"rendered":"<p>Posez nous vos questions<\/p>\n","protected":false},"author":1,"featured_media":0,"parent":0,"menu_order":0,"comment_status":"closed","ping_status":"closed","template":"","meta":[],"_links":{"self":[{"href":"https:\/\/rl-conseils.com\/index.php\/wp-json\/wp\/v2\/pages\/51"}],"collection":[{"href":"https:\/\/rl-conseils.com\/index.php\/wp-json\/wp\/v2\/pages"}],"about":[{"href":"https:\/\/rl-conseils.com\/index.php\/wp-json\/wp\/v2\/types\/page"}],"author":[{"embeddable":true,"href":"https:\/\/rl-conseils.com\/index.php\/wp-json\/wp\/v2\/users\/1"}],"replies":[{"embeddable":true,"href":"https:\/\/rl-conseils.com\/index.php\/wp-json\/wp\/v2\/comments?post=51"}],"version-history":[{"count":23,"href":"https:\/\/rl-conseils.com\/index.php\/wp-json\/wp\/v2\/pages\/51\/revisions"}],"predecessor-version":[{"id":178,"href":"https:\/\/rl-conseils.com\/index.php\/wp-json\/wp\/v2\/pages\/51\/revisions\/178"}],"wp:attachment":[{"href":"https:\/\/rl-conseils.com\/index.php\/wp-json\/wp\/v2\/media?parent=51"}],"curies":[{"name":"wp","href":"https:\/\/api.w.org\/{rel}","templated":true}]}}