{"id":15,"date":"2021-09-17T15:39:20","date_gmt":"2021-09-17T13:39:20","guid":{"rendered":"http:\/\/rl-conseils.com\/?page_id=15"},"modified":"2021-09-27T16:04:58","modified_gmt":"2021-09-27T14:04:58","slug":"pompe-a-chaleur","status":"publish","type":"page","link":"https:\/\/rl-conseils.com\/index.php\/pompe-a-chaleur\/","title":{"rendered":"Pompe \u00e0 chaleur"},"content":{"rendered":"\t\t<div data-elementor-type=\"wp-page\" data-elementor-id=\"15\" class=\"elementor elementor-15\" data-elementor-settings=\"[]\">\n\t\t\t\t\t\t\t<div class=\"elementor-section-wrap\">\n\t\t\t\t\t\t\t<section class=\"elementor-section elementor-top-section elementor-element elementor-element-d7657ba elementor-section-boxed elementor-section-height-default elementor-section-height-default\" data-id=\"d7657ba\" data-element_type=\"section\">\n\t\t\t\t\t\t<div class=\"elementor-container elementor-column-gap-default\">\n\t\t\t\t\t<div class=\"elementor-column elementor-col-66 elementor-top-column elementor-element elementor-element-8e90602\" data-id=\"8e90602\" data-element_type=\"column\">\n\t\t\t<div class=\"elementor-widget-wrap elementor-element-populated\">\n\t\t\t\t\t\t\t\t<div class=\"elementor-element elementor-element-992506c elementor-widget elementor-widget-heading\" data-id=\"992506c\" data-element_type=\"widget\" data-widget_type=\"heading.default\">\n\t\t\t\t<div class=\"elementor-widget-container\">\n\t\t\t<style>\/*! elementor - v3.5.5 - 03-02-2022 *\/\n.elementor-heading-title{padding:0;margin:0;line-height:1}.elementor-widget-heading .elementor-heading-title[class*=elementor-size-]>a{color:inherit;font-size:inherit;line-height:inherit}.elementor-widget-heading .elementor-heading-title.elementor-size-small{font-size:15px}.elementor-widget-heading .elementor-heading-title.elementor-size-medium{font-size:19px}.elementor-widget-heading .elementor-heading-title.elementor-size-large{font-size:29px}.elementor-widget-heading .elementor-heading-title.elementor-size-xl{font-size:39px}.elementor-widget-heading .elementor-heading-title.elementor-size-xxl{font-size:59px}<\/style><h2 class=\"elementor-heading-title elementor-size-default\">Chaud \/ Froid<\/h2>\t\t<\/div>\n\t\t\t\t<\/div>\n\t\t\t\t<div class=\"elementor-element elementor-element-6e23cb0 elementor-widget elementor-widget-text-editor\" data-id=\"6e23cb0\" data-element_type=\"widget\" data-widget_type=\"text-editor.default\">\n\t\t\t\t<div class=\"elementor-widget-container\">\n\t\t\t<style>\/*! elementor - v3.5.5 - 03-02-2022 *\/\n.elementor-widget-text-editor.elementor-drop-cap-view-stacked .elementor-drop-cap{background-color:#818a91;color:#fff}.elementor-widget-text-editor.elementor-drop-cap-view-framed .elementor-drop-cap{color:#818a91;border:3px solid;background-color:transparent}.elementor-widget-text-editor:not(.elementor-drop-cap-view-default) .elementor-drop-cap{margin-top:8px}.elementor-widget-text-editor:not(.elementor-drop-cap-view-default) .elementor-drop-cap-letter{width:1em;height:1em}.elementor-widget-text-editor .elementor-drop-cap{float:left;text-align:center;line-height:1;font-size:50px}.elementor-widget-text-editor .elementor-drop-cap-letter{display:inline-block}<\/style>\t\t\t\t<p class=\"p1\">Que ce soit pour une installation neuve ou un remplacement, nous garantissons la r\u00e9ussite de votre projet. Nous sommes \u00e0 vos c\u00f4t\u00e9s, de l\u2019analyse de vos besoins \u00e0 la r\u00e9daction du devis. Nous serons aussi ravis de vous expliquer le fonctionnement de votre appareil afin d\u2019en tirer le meilleur. Nous vous conseillons par ailleurs de le combiner avec une chaudi\u00e8re pour optimiser le confort thermique de votre habitation.<\/p>\t\t\t\t\t\t<\/div>\n\t\t\t\t<\/div>\n\t\t\t\t\t<\/div>\n\t\t<\/div>\n\t\t\t\t<div class=\"elementor-column elementor-col-33 elementor-top-column elementor-element elementor-element-70a8685\" data-id=\"70a8685\" data-element_type=\"column\">\n\t\t\t<div class=\"elementor-widget-wrap elementor-element-populated\">\n\t\t\t\t\t\t\t\t<div class=\"elementor-element elementor-element-3937f99 elementor-widget elementor-widget-image\" data-id=\"3937f99\" data-element_type=\"widget\" data-widget_type=\"image.default\">\n\t\t\t\t<div class=\"elementor-widget-container\">\n\t\t\t<style>\/*! elementor - v3.5.5 - 03-02-2022 *\/\n.elementor-widget-image{text-align:center}.elementor-widget-image a{display:inline-block}.elementor-widget-image a img[src$=\".svg\"]{width:48px}.elementor-widget-image img{vertical-align:middle;display:inline-block}<\/style>\t\t\t\t\t\t\t\t\t\t\t\t<img width=\"640\" height=\"427\" src=\"https:\/\/rl-conseils.com\/wp-content\/uploads\/2021\/09\/689ceca881_50180003_pompe-chaleur-2-1024x683.jpg\" class=\"attachment-large size-large\" alt=\"\" loading=\"lazy\" srcset=\"https:\/\/rl-conseils.com\/wp-content\/uploads\/2021\/09\/689ceca881_50180003_pompe-chaleur-2-1024x683.jpg 1024w, https:\/\/rl-conseils.com\/wp-content\/uploads\/2021\/09\/689ceca881_50180003_pompe-chaleur-2-300x200.jpg 300w, https:\/\/rl-conseils.com\/wp-content\/uploads\/2021\/09\/689ceca881_50180003_pompe-chaleur-2-768x512.jpg 768w, https:\/\/rl-conseils.com\/wp-content\/uploads\/2021\/09\/689ceca881_50180003_pompe-chaleur-2.jpg 1500w\" sizes=\"(max-width: 640px) 100vw, 640px\" \/>\t\t\t\t\t\t\t\t\t\t\t\t\t\t\t<\/div>\n\t\t\t\t<\/div>\n\t\t\t\t\t<\/div>\n\t\t<\/div>\n\t\t\t\t\t\t\t<\/div>\n\t\t<\/section>\n\t\t\t\t<section class=\"elementor-section elementor-top-section elementor-element elementor-element-b76c8e1 elementor-section-boxed elementor-section-height-default elementor-section-height-default\" data-id=\"b76c8e1\" data-element_type=\"section\">\n\t\t\t\t\t\t<div class=\"elementor-container elementor-column-gap-default\">\n\t\t\t\t\t<div class=\"elementor-column elementor-col-100 elementor-top-column elementor-element elementor-element-3ede9a1\" data-id=\"3ede9a1\" data-element_type=\"column\">\n\t\t\t<div class=\"elementor-widget-wrap elementor-element-populated\">\n\t\t\t\t\t\t\t\t<div class=\"elementor-element elementor-element-d163beb elementor-widget elementor-widget-shortcode\" data-id=\"d163beb\" data-element_type=\"widget\" data-widget_type=\"shortcode.default\">\n\t\t\t\t<div class=\"elementor-widget-container\">\n\t\t\t\t\t<div class=\"elementor-shortcode\"><div role=\"form\" class=\"wpcf7\" id=\"wpcf7-f93-o1\" lang=\"fr-FR\" dir=\"ltr\">\n<div class=\"screen-reader-response\"><p role=\"status\" aria-live=\"polite\" aria-atomic=\"true\"><\/p> <ul><\/ul><\/div>\n<form action=\"\/index.php\/wp-json\/wp\/v2\/pages\/15#wpcf7-f93-o1\" method=\"post\" class=\"wpcf7-form init\" novalidate=\"novalidate\" data-status=\"init\">\n<div style=\"display: none;\">\n<input type=\"hidden\" name=\"_wpcf7\" value=\"93\" \/>\n<input type=\"hidden\" name=\"_wpcf7_version\" value=\"5.5.6\" \/>\n<input type=\"hidden\" name=\"_wpcf7_locale\" value=\"fr_FR\" \/>\n<input type=\"hidden\" name=\"_wpcf7_unit_tag\" value=\"wpcf7-f93-o1\" \/>\n<input type=\"hidden\" name=\"_wpcf7_container_post\" value=\"0\" \/>\n<input type=\"hidden\" name=\"_wpcf7_posted_data_hash\" value=\"\" \/>\n<\/div>\n<p><label> Votre nom<br \/>\n    <span class=\"wpcf7-form-control-wrap your-name\"><input type=\"text\" name=\"your-name\" value=\"\" size=\"40\" class=\"wpcf7-form-control wpcf7-text wpcf7-validates-as-required\" aria-required=\"true\" aria-invalid=\"false\" \/><\/span> <\/label><br \/>\n<label> Votre e-mail<br \/>\n    <span class=\"wpcf7-form-control-wrap your-email\"><input type=\"email\" name=\"your-email\" value=\"\" size=\"40\" class=\"wpcf7-form-control wpcf7-text wpcf7-email wpcf7-validates-as-required wpcf7-validates-as-email\" aria-required=\"true\" aria-invalid=\"false\" \/><\/span> <\/label><br \/>\n<label> Votre t\u00e9l\u00e9phone<br \/>\n    <span class=\"wpcf7-form-control-wrap tel-737\"><input type=\"tel\" name=\"tel-737\" value=\"\" size=\"40\" class=\"wpcf7-form-control wpcf7-text wpcf7-tel wpcf7-validates-as-required wpcf7-validates-as-tel\" aria-required=\"true\" aria-invalid=\"false\" \/><\/span> <\/label><br \/>\n<label> Votre t\u00e9l\u00e9phone<br \/>\n<span class=\"wpcf7-form-control-wrap checkbox-996\"><span class=\"wpcf7-form-control wpcf7-checkbox wpcf7-validates-as-required\"><span class=\"wpcf7-list-item first\"><label><input type=\"checkbox\" name=\"checkbox-996[]\" value=\"Panneau solaire\" \/><span class=\"wpcf7-list-item-label\">Panneau solaire<\/span><\/label><\/span><span class=\"wpcf7-list-item last\"><label><input type=\"checkbox\" name=\"checkbox-996[]\" value=\"Pompe \u00e0 chaleur\" \/><span class=\"wpcf7-list-item-label\">Pompe \u00e0 chaleur<\/span><\/label><\/span><\/span><\/span><br \/>\n<label> Votre message<br \/>\n    <span class=\"wpcf7-form-control-wrap textarea-858\"><textarea name=\"textarea-858\" cols=\"40\" rows=\"10\" class=\"wpcf7-form-control wpcf7-textarea wpcf7-validates-as-required\" aria-required=\"true\" aria-invalid=\"false\"><\/textarea><\/span><\/p>\n<p><input type=\"submit\" value=\"Envoyer\" class=\"wpcf7-form-control has-spinner wpcf7-submit\" \/><\/p>\n<div class=\"wpcf7-response-output\" aria-hidden=\"true\"><\/div><\/form><\/div><\/div>\n\t\t\t\t<\/div>\n\t\t\t\t<\/div>\n\t\t\t\t\t<\/div>\n\t\t<\/div>\n\t\t\t\t\t\t\t<\/div>\n\t\t<\/section>\n\t\t\t\t\t\t<\/div>\n\t\t\t\t\t<\/div>\n\t\t","protected":false},"excerpt":{"rendered":"<p>Chaud \/ Froid Que ce soit pour une installation neuve ou un remplacement, nous garantissons la r\u00e9ussite de votre projet. Nous sommes \u00e0 vos c\u00f4t\u00e9s, de l\u2019analyse de vos besoins \u00e0 la r\u00e9daction du devis. Nous serons aussi ravis de vous expliquer le fonctionnement de votre appareil afin d\u2019en tirer le meilleur. Nous vous conseillons [&hellip;]<\/p>\n","protected":false},"author":1,"featured_media":0,"parent":0,"menu_order":0,"comment_status":"closed","ping_status":"closed","template":"","meta":[],"_links":{"self":[{"href":"https:\/\/rl-conseils.com\/index.php\/wp-json\/wp\/v2\/pages\/15"}],"collection":[{"href":"https:\/\/rl-conseils.com\/index.php\/wp-json\/wp\/v2\/pages"}],"about":[{"href":"https:\/\/rl-conseils.com\/index.php\/wp-json\/wp\/v2\/types\/page"}],"author":[{"embeddable":true,"href":"https:\/\/rl-conseils.com\/index.php\/wp-json\/wp\/v2\/users\/1"}],"replies":[{"embeddable":true,"href":"https:\/\/rl-conseils.com\/index.php\/wp-json\/wp\/v2\/comments?post=15"}],"version-history":[{"count":7,"href":"https:\/\/rl-conseils.com\/index.php\/wp-json\/wp\/v2\/pages\/15\/revisions"}],"predecessor-version":[{"id":125,"href":"https:\/\/rl-conseils.com\/index.php\/wp-json\/wp\/v2\/pages\/15\/revisions\/125"}],"wp:attachment":[{"href":"https:\/\/rl-conseils.com\/index.php\/wp-json\/wp\/v2\/media?parent=15"}],"curies":[{"name":"wp","href":"https:\/\/api.w.org\/{rel}","templated":true}]}}